{"id":72,"date":"2021-03-17T18:18:20","date_gmt":"2021-03-17T17:18:20","guid":{"rendered":"https:\/\/www.aspenat.es\/tienda\/?page_id=72"},"modified":"2021-03-19T13:59:42","modified_gmt":"2021-03-19T12:59:42","slug":"contactar","status":"publish","type":"page","link":"https:\/\/www.aspenat.es\/tienda\/contactar\/","title":{"rendered":"Contactar con ASPE"},"content":{"rendered":"<p>[vc_row][vc_column width=&#8221;1\/3&#8243;][vc_column_text el_class=&#8221;contacto-datos&#8221;]<\/p>\n<h2 class=\"contact-page-title\"><i class=\"fas fa-map-marker-alt\"><\/i> D\u00f3nde estamos<\/h2>\n<p>ASPE S.L.<br \/>\nPol\u00edgono La Ciruela, nave 5<br \/>\n50630 Alag\u00f3n &#8211; Zaragoza<\/p>\n<h2 class=\"contact-page-title\"><i class=\"fas fa-phone-square-alt\"><\/i> Tel\u00e9fono<\/h2>\n<p>T.+34 976 61 60 58<\/p>\n<h2 class=\"contact-page-title\"><i class=\"far fa-envelope\"><\/i> Email y Redes sociales<\/h2>\n<p>aspeadm@gmail.com<\/p>\n<p><a class=\"contacto-facebook\" href=\"https:\/\/es-es.facebook.com\/aspesl\/\" target=\"_blank\" rel=\"noopener\"><i class=\"fab fa-facebook fa-2x\"><\/i> facebook<\/a>[\/vc_column_text][\/vc_column][vc_column width=&#8221;2\/3&#8243;][vc_gmaps link=&#8221;#E-8_JTNDaWZyYW1lJTIwc3JjJTNEJTIyaHR0cHMlM0ElMkYlMkZ3d3cuZ29vZ2xlLmNvbSUyRm1hcHMlMkZlbWJlZCUzRnBiJTNEJTIxMW0xNCUyMTFtOCUyMTFtMyUyMTFkMTE5MDEuMDg0NTU4ODk0NTMyJTIxMmQtMS4xMTkxODM3JTIxM2Q0MS43NzkzNjk5JTIxM20yJTIxMWkxMDI0JTIxMmk3NjglMjE0ZjEzLjElMjEzbTMlMjExbTIlMjExczB4MCUyNTNBMHhkZTQxNTczMzRkN2JiOTc3JTIxMnNBc3BlJTI1MjBTbCUyNTIwU3VtaW5pc3Ryb3MlMjUyMEdhbmFkZXJvcyUyMTVlMCUyMTNtMiUyMTFzZXMlMjEyc2VzJTIxNHYxNjEzNzA2MTg0NjIwJTIxNW0yJTIxMXNlcyUyMTJzZXMlMjIlMjBhbGxvd2Z1bGxzY3JlZW4lM0QlMjIlMjIlMjBhcmlhLWhpZGRlbiUzRCUyMmZhbHNlJTIyJTIwdGFiaW5kZXglM0QlMjIwJTIyJTIwZnJhbWVib3JkZXIlM0QlMjIwJTIyJTNFJTNDJTJGaWZyYW1lJTNF&#8221; size=&#8221;&#8221;][\/vc_column][\/vc_row]<\/p>\n","protected":false},"excerpt":{"rendered":"<p>[vc_row][vc_column width=&#8221;1\/3&#8243;][vc_column_text el_class=&#8221;contacto-datos&#8221;] D\u00f3nde estamos ASPE S.L. Pol\u00edgono La Ciruela, nave 5 50630 Alag\u00f3n &#8211; Zaragoza Tel\u00e9fono T.+34 976 61 60 58 Email y Redes sociales aspeadm@gmail.com facebook[\/vc_column_text][\/vc_column][vc_column width=&#8221;2\/3&#8243;][vc_gmaps link=&#8221;#E-8_JTNDaWZyYW1lJTIwc3JjJTNEJTIyaHR0cHMlM0ElMkYlMkZ3d3cuZ29vZ2xlLmNvbSUyRm1hcHMlMkZlbWJlZCUzRnBiJTNEJTIxMW0xNCUyMTFtOCUyMTFtMyUyMTFkMTE5MDEuMDg0NTU4ODk0NTMyJTIxMmQtMS4xMTkxODM3JTIxM2Q0MS43NzkzNjk5JTIxM20yJTIxMWkxMDI0JTIxMmk3NjglMjE0ZjEzLjElMjEzbTMlMjExbTIlMjExczB4MCUyNTNBMHhkZTQxNTczMzRkN2JiOTc3JTIxMnNBc3BlJTI1MjBTbCUyNTIwU3VtaW5pc3Ryb3MlMjUyMEdhbmFkZXJvcyUyMTVlMCUyMTNtMiUyMTFzZXMlMjEyc2VzJTIxNHYxNjEzNzA2MTg0NjIwJTIxNW0yJTIxMXNlcyUyMTJzZXMlMjIlMjBhbGxvd2Z1bGxzY3JlZW4lM0QlMjIlMjIlMjBhcmlhLWhpZGRlbiUzRCUyMmZhbHNlJTIyJTIwdGFiaW5kZXglM0QlMjIwJTIyJTIwZnJhbWVib3JkZXIlM0QlMjIwJTIyJTNFJTNDJTJGaWZyYW1lJTNF&#8221;<\/p>\n","protected":false},"author":1,"featured_media":0,"parent":0,"menu_order":0,"comment_status":"closed","ping_status":"closed","template":"","meta":{"footnotes":""},"class_list":["post-72","page","type-page","status-publish","hentry"],"_links":{"self":[{"href":"https:\/\/www.aspenat.es\/tienda\/wp-json\/wp\/v2\/pages\/72","targetHints":{"allow":["GET"]}}],"collection":[{"href":"https:\/\/www.aspenat.es\/tienda\/wp-json\/wp\/v2\/pages"}],"about":[{"href":"https:\/\/www.aspenat.es\/tienda\/wp-json\/wp\/v2\/types\/page"}],"author":[{"embeddable":true,"href":"https:\/\/www.aspenat.es\/tienda\/wp-json\/wp\/v2\/users\/1"}],"replies":[{"embeddable":true,"href":"https:\/\/www.aspenat.es\/tienda\/wp-json\/wp\/v2\/comments?post=72"}],"version-history":[{"count":28,"href":"https:\/\/www.aspenat.es\/tienda\/wp-json\/wp\/v2\/pages\/72\/revisions"}],"predecessor-version":[{"id":124,"href":"https:\/\/www.aspenat.es\/tienda\/wp-json\/wp\/v2\/pages\/72\/revisions\/124"}],"wp:attachment":[{"href":"https:\/\/www.aspenat.es\/tienda\/wp-json\/wp\/v2\/media?parent=72"}],"curies":[{"name":"wp","href":"https:\/\/api.w.org\/{rel}","templated":true}]}}