{"id":84,"date":"2021-03-19T10:51:43","date_gmt":"2021-03-19T09:51:43","guid":{"rendered":"https:\/\/www.aspenat.es\/tienda\/?page_id=84"},"modified":"2021-03-19T10:51:43","modified_gmt":"2021-03-19T09:51:43","slug":"politica-de-cookies","status":"publish","type":"page","link":"https:\/\/www.aspenat.es\/tienda\/politica-de-cookies\/","title":{"rendered":"Pol\u00edtica de cookies"},"content":{"rendered":"<h2>1.- ANTECEDENTES<\/h2>\n<p>De conformidad con la normativa espa\u00f1ola que regula el uso de cookies, le informamos sobre las cookies utilizadas en este sitio web.<\/p>\n<h2>2.- \u00bfQUE SON LAS COOKIES?<\/h2>\n<p>Una cookie es un fichero que se descarga en el ordenador del usuario al acceder a determinadas p\u00e1ginas web. Las cookies permiten, entre otras cosas, almacenar y recuperar informaci\u00f3n sobre los h\u00e1bitos de navegaci\u00f3n del usuario, o personalizar la forma en que se muestra el contenido.<\/p>\n<h2>3.- TIPOS DE COOKIES<\/h2>\n<p>Las cookies se pueden clasificar de la siguiente forma:<\/p>\n<p><strong>Cookies seg\u00fan la entidad que las gestiona:<\/strong><\/p>\n<p>1.- <strong>Cookies propias<\/strong>: Son aqu\u00e9llas que se env\u00edan al equipo terminal del usuario desde un equipo o dominio gestionado por el propio editor y desde el que se presta el servicio solicitado por el usuario.<\/p>\n<p>2.- <strong>Cookies de tercero<\/strong>s: Son aqu\u00e9llas que se env\u00edan al equipo terminal del usuario desde un equipo o dominio que no es gestionado por el editor, sino por otra entidad que trata los datos obtenidos trav\u00e9s de las cookies.<\/p>\n<p><strong>Cookies seg\u00fan la finalidad:<\/strong><\/p>\n<p>1.- <strong>Cookies t\u00e9cnica<\/strong>s: son aquellas que permiten al usuario la navegaci\u00f3n a trav\u00e9s de una p\u00e1gina web, plataforma o aplicaci\u00f3n y la utilizaci\u00f3n de las diferentes opciones o servicios que en ella existan, incluyendo aquellas que el editor utiliza para permitir la gesti\u00f3n y operativa de la p\u00e1gina web y habilitar sus funciones y servicios.<\/p>\n<p>2.- <strong>Cookies de preferencias o personalizaci\u00f3<\/strong>n: son aquellas que permiten recordar informaci\u00f3n para que el usuario acceda al servicio con determinadas caracter\u00edsticas que pueden diferencias su experiencia de la de otros usuarios.<\/p>\n<p>3.- <strong>Cookies de an\u00e1lisis o mediaci\u00f3n<\/strong>: Son aqu\u00e9llas que permiten al responsable de las mismas el seguimiento y an\u00e1lisis del comportamiento de los usuarios de los sitios web a los que est\u00e1n vinculadas. 4<\/p>\n<p>4.-<strong> Cookies de publicidad comportamental<\/strong>: Son aqu\u00e9llas que permiten la gesti\u00f3n, de la forma m\u00e1s eficaz posible, de los espacios publicitarios que, en su caso, el editor haya incluido en una p\u00e1gina web, aplicaci\u00f3n o plataforma desde la que presta el servicio solicitado. Estas cookies almacenan informaci\u00f3n del comportamiento de los usuarios obtenida a trav\u00e9s de la observaci\u00f3n continuada de sus h\u00e1bitos de navegaci\u00f3n, lo que permite desarrollar un perfil espec\u00edfico para mostrar publicidad en funci\u00f3n del mismo. Asimismo, es posible que al visitar alguna p\u00e1gina web o al abrir alg\u00fan email donde se publique alg\u00fan anuncio o alguna promoci\u00f3n sobre nuestros productos o servicios se instale en tu navegador alguna cookie que nos sirve para mostrarte posteriormente publicidad relacionada con la b\u00fasqueda que hayas realizado, desarrollar un control de nuestros anuncios en relaci\u00f3n, por ejemplo, con el n\u00famero de veces que son vistos, donde aparecen, a qu\u00e9 hora se ven, etc.<\/p>\n<p><strong>Cookies seg\u00fan el plazo de tiempo que permanecen activadas:<\/strong><\/p>\n<p>1.- <strong>Cookies de sesi\u00f3<\/strong>n: son aquellas dise\u00f1adas para recabar y almacenar datos mientras el usuario accede a una p\u00e1gina web. Se emplean para almacenar informaci\u00f3n que solo interesa conservar para la prestaci\u00f3n del servicio solicitado por el usuario en una sola ocasi\u00f3n y desaparecen al terminar la sesi\u00f3n.<\/p>\n<p>2.- <strong>Cookies persistente<\/strong>s: son aquellas en las que los datos siguen almacenados en el terminal y pueden ser accedidos y tratados durante un periodo definido, y que puede ir de unos minutos a varios a\u00f1os.<\/p>\n<h2>4.- TIPOS DE COOKIES UTILIZADAS POR ESTE SITIO WEB<\/h2>\n<p>Nuestra p\u00e1gina web utiliza las siguientes cookies:<\/p>\n<p>Nombre Titularidad Tipo Caducidad Finalidad Datos recopilados<\/p>\n<h2>5.- REVOCACI\u00d3N Y ELIMINACI\u00d3N DE COOKIES<\/h2>\n<p>Cuando acceda por primera vez a nuestra web podr\u00e1 aceptar o rechazar el uso de todas nuestras cookies o si lo prefiere, podr\u00e1 acceder a la configuraci\u00f3n y aceptar las cookies atendiendo al tipo de las mismas, exceptuando las cookies t\u00e9cnicas, las cuales est\u00e1n exceptuadas de necesitar consentimiento del usuario. Podr\u00e1 cambiar sus preferencias en cualquier momento accediendo a nuestro panel de configuraci\u00f3n.<\/p>\n<p>Adem\u00e1s, puede acceder a la configuraci\u00f3n de su navegador para restringir, bloquear o borrar las cookies, siguiendo uno de los siguientes procedimientos, que depende del navegador que utilice:<\/p>\n<p><strong>Google Chrome<\/strong><br \/>\nhttps:\/\/support.google.com\/chrome\/answer\/95647?hl=es<\/p>\n<p><strong>Microsoft Internet Explorer<\/strong><br \/>\nhttp:\/\/windows.microsoft.com\/es-es\/internet-explorer\/delete-manage-cookies#ie=ie-9<\/p>\n<p><strong>Firefox<\/strong><br \/>\nhttp:\/\/support.mozilla.org\/es\/kb\/habilitar-y-deshabilitar-cookies-que-los-sitios-we<\/p>\n<p><strong>Safari , iPad e iPhone<\/strong><br \/>\nhttp:\/\/www.apple.com\/es\/privacy\/use-of-cookies\/<\/p>\n<p><strong>Opera<\/strong><br \/>\nhttp:\/\/help.opera.com\/Linux\/10.60\/es-ES\/cookies.html<\/p>\n<h2>6.- TERCEROS PRESTADORES DE SERVICIOS<\/h2>\n<p>En concreto los terceros prestadores de servicios con los que hemos contratado alg\u00fan servicio para el que es necesario la utilizaci\u00f3n de cookies son:<\/p>\n<p>Proveedor Finalidad del Servicio y de la Cookie Informaci\u00f3n del Proveedor<\/p>\n","protected":false},"excerpt":{"rendered":"<p>1.- ANTECEDENTES De conformidad con la normativa espa\u00f1ola que regula el uso de cookies, le informamos sobre las cookies utilizadas en este sitio web. 2.- \u00bfQUE SON LAS COOKIES? Una<\/p>\n","protected":false},"author":1,"featured_media":0,"parent":0,"menu_order":0,"comment_status":"closed","ping_status":"closed","template":"","meta":{"footnotes":""},"class_list":["post-84","page","type-page","status-publish","hentry"],"_links":{"self":[{"href":"https:\/\/www.aspenat.es\/tienda\/wp-json\/wp\/v2\/pages\/84","targetHints":{"allow":["GET"]}}],"collection":[{"href":"https:\/\/www.aspenat.es\/tienda\/wp-json\/wp\/v2\/pages"}],"about":[{"href":"https:\/\/www.aspenat.es\/tienda\/wp-json\/wp\/v2\/types\/page"}],"author":[{"embeddable":true,"href":"https:\/\/www.aspenat.es\/tienda\/wp-json\/wp\/v2\/users\/1"}],"replies":[{"embeddable":true,"href":"https:\/\/www.aspenat.es\/tienda\/wp-json\/wp\/v2\/comments?post=84"}],"version-history":[{"count":1,"href":"https:\/\/www.aspenat.es\/tienda\/wp-json\/wp\/v2\/pages\/84\/revisions"}],"predecessor-version":[{"id":85,"href":"https:\/\/www.aspenat.es\/tienda\/wp-json\/wp\/v2\/pages\/84\/revisions\/85"}],"wp:attachment":[{"href":"https:\/\/www.aspenat.es\/tienda\/wp-json\/wp\/v2\/media?parent=84"}],"curies":[{"name":"wp","href":"https:\/\/api.w.org\/{rel}","templated":true}]}}