{"id":86,"date":"2021-03-19T10:52:40","date_gmt":"2021-03-19T09:52:40","guid":{"rendered":"https:\/\/www.aspenat.es\/tienda\/?page_id=86"},"modified":"2021-03-19T10:52:40","modified_gmt":"2021-03-19T09:52:40","slug":"privacidad-y-proteccion-de-datos","status":"publish","type":"page","link":"https:\/\/www.aspenat.es\/tienda\/privacidad-y-proteccion-de-datos\/","title":{"rendered":"Privacidad y Protecci\u00f3n de datos"},"content":{"rendered":"<p>ASPE S.L. en cumplimiento de lo establecido en el Reglamento General de Protecci\u00f3n de datos (RGPD 2016\/679), informa a los usuarios de la p\u00e1gina web www.aspenat.es:<\/p>\n<h2>\u00bfQui\u00e9n es el responsable del tratamiento de sus datos?<\/h2>\n<p>Los datos que nos faciliten el usuario a trav\u00e9s de los formularios de esta p\u00e1gina web se incorporar\u00e1n a tratamientos cuyo responsable es ASPE S.L. con CIF B50813229 y domicilio a efectos de notificaciones en Pol\u00edgono La Ciruela, nave 5, 50630 Alag\u00f3n &#8211; Zaragoza.<br \/>\nPuede contactar a trav\u00e9s del correo electr\u00f3nico aspeadm@gmail.com<\/p>\n<h2>\u00bfCon que finalidad recogemos sus datos y base jur\u00eddica parar tratar sus datos?<\/h2>\n<p><strong>DATOS PERSONALES DE CLIENTES<\/strong><\/p>\n<table class=\"tabla-info-privacidad\">\n<tbody>\n<tr>\n<th>FINALIDAD<\/th>\n<th>BASE JUR\u00cdDICA<\/th>\n<\/tr>\n<tr>\n<td>Presupuestar los servicios solicitados<\/td>\n<td>Es la ejecuci\u00f3n de medidas precontractuales a petici\u00f3n del interesado (presupuestos)<\/td>\n<\/tr>\n<tr>\n<td>Prestaci\u00f3n de los servicios solicitados<\/td>\n<td>Es la ejecuci\u00f3n de un contrato<\/td>\n<\/tr>\n<tr>\n<td>Gesti\u00f3n interna cliente-empresa<\/td>\n<td>Es la obligaci\u00f3n legal de ASPE S.L.. de cumplir con sus obligaciones fiscales y tributarias<\/td>\n<\/tr>\n<tr>\n<td>Gesti\u00f3n administrativa de nuestra empresa<\/td>\n<td>Es la ejecuci\u00f3n de un contrato<\/td>\n<\/tr>\n<tr>\n<td>Facturaci\u00f3n de los servicios solicitados, en su caso<\/td>\n<td>Es la obligaci\u00f3n legal de ASPE S.L. de cumplir con sus obligaciones fiscales y tributarias<\/td>\n<\/tr>\n<tr>\n<td>Env\u00edo de informaci\u00f3n comercial<\/td>\n<td>Es el consentimiento<\/td>\n<\/tr>\n<\/tbody>\n<\/table>\n<p>&nbsp;<\/p>\n<p><strong>DATOS PERSONALES DE PROVEEDORES<\/strong><\/p>\n<table class=\"tabla-info-privacidad\">\n<tbody>\n<tr>\n<th>FINALIDAD<\/th>\n<th>BASE JUR\u00cdDICA<\/th>\n<\/tr>\n<tr>\n<td>Gesti\u00f3n del servicio prestado y\/o del aprovisionamiento de productos<\/td>\n<td>Es la ejecuci\u00f3n de un contrato<\/td>\n<\/tr>\n<tr>\n<td>Gesti\u00f3n interna proveedor-empresa<\/td>\n<td>Es la obligaci\u00f3n legal de ASPE S.L. de cumplir con sus obligaciones fiscales y tributarias<\/td>\n<\/tr>\n<tr>\n<td>Gesti\u00f3n administrativa de nuestra empresa<\/td>\n<td>Es la ejecuci\u00f3n de un contrato<\/td>\n<\/tr>\n<tr>\n<td>Pago de los servicios prestados, en su caso<\/td>\n<td>Es la obligaci\u00f3n legal de ASPE S.L. de cumplir con sus obligaciones fiscales y tributarias<\/td>\n<\/tr>\n<\/tbody>\n<\/table>\n<p>&nbsp;<\/p>\n<p><strong>DATOS PERSONALES RECOGIDOS EN NUESTRA P\u00c1GINA WEB<\/strong><\/p>\n<p>Adem\u00e1s, en esta p\u00e1gina web se recogen datos de car\u00e1cter personal a trav\u00e9s de diferentes formularios. Los datos solicitados en cada formulario son los necesarios para la finalidad por la cual se recogen. La finalidad de tratamiento son los siguientes:<\/p>\n<p>&nbsp;<\/p>\n<p><strong>FORMULARIO DE CONTACTO<\/strong><\/p>\n<table class=\"tabla-info-privacidad\">\n<tbody>\n<tr>\n<th>FINALIDAD<\/th>\n<th>BASE JUR\u00cdDICA<\/th>\n<\/tr>\n<tr>\n<td>Poder contestar las consultas planteadas y enviar al usuario la informaci\u00f3n solicitada a trav\u00e9s del correo electr\u00f3nico o tel\u00e9fono indicados en el formulario<\/td>\n<td>Es el consentimiento del usuario<\/td>\n<\/tr>\n<\/tbody>\n<\/table>\n<p>&nbsp;<\/p>\n<p><strong>FORMULARIO DE CUENTA DE USUARIO<\/strong><\/p>\n<table class=\"tabla-info-privacidad\">\n<tbody>\n<tr>\n<th>FINALIDAD<\/th>\n<th>BASE JUR\u00cdDICA<\/th>\n<\/tr>\n<tr>\n<td>Gestionar el alta del usuario. El usuario solo podr\u00e1 realizar compras si est\u00e1 registrado. Al registrarse el usuario en futuras compras acceder\u00e1 con el usuario y contrase\u00f1a y adem\u00e1s de realizar compras podr\u00e1 consultar el hist\u00f3rico de compras, etc.<\/td>\n<td>Es el consentimiento del usuario<\/td>\n<\/tr>\n<tr>\n<td>Tramitar la compra realizada por el usuario<\/td>\n<td>Es la ejecuci\u00f3n de un contrato<\/td>\n<\/tr>\n<tr>\n<td>Gesti\u00f3n interna cliente-empresa<\/td>\n<td>Es la obligaci\u00f3n legal de ASPE S.L. de cumplir con sus obligaciones fiscales y tributarias<\/td>\n<\/tr>\n<tr>\n<td>Gesti\u00f3n administrativa de nuestra empresa<\/td>\n<td>Es la ejecuci\u00f3n de un contrato<\/td>\n<\/tr>\n<tr>\n<td>Facturaci\u00f3n de los servicios solicitados, en su caso<\/td>\n<td>Es la obligaci\u00f3n legal de ASPE S.L. de cumplir con sus obligaciones fiscales y tributarias<\/td>\n<\/tr>\n<\/tbody>\n<\/table>\n<p>&nbsp;<\/p>\n<p><strong>CORREO ELECTR\u00d3NICO<\/strong><\/p>\n<table class=\"tabla-info-privacidad\">\n<tbody>\n<tr>\n<th>FINALIDAD<\/th>\n<th>BASE JUR\u00cdDICA<\/th>\n<\/tr>\n<tr>\n<td>Si el usuario se pone en contacto a trav\u00e9s del correo electr\u00f3nico publicado en esta p\u00e1gina web, sus datos ser\u00e1n tratados para contestar las consultas planteadas y poderle enviar la informaci\u00f3n solicitada a trav\u00e9s del correo electr\u00f3nico a trav\u00e9s del cual se recibe la consulta<\/td>\n<td>Es el inter\u00e9s leg\u00edtimo de nuestra empresa de responder a las comunicaciones recibidas<\/td>\n<\/tr>\n<\/tbody>\n<\/table>\n<h2>\u00bfQu\u00e9 categor\u00eda de datos tratamos?<\/h2>\n<p>Los datos que se recaban, de forma enunciativa que no limitativa, se refieren a la categor\u00eda de datos identificativos, como pueden ser: Nombre y apellidos, Tel\u00e9fono, Direcci\u00f3n Postal, Empresa, Correo Electr\u00f3nico, as\u00ed como la direcci\u00f3n IP desde donde accede al formulario de recogida de datos.<\/p>\n<h2>\u00bfCu\u00e1nto tiempo conservamos sus datos?<\/h2>\n<p><strong>DATOS PERSONALES DE CLIENTES Y PROVEEDORES<\/strong><\/p>\n<p>Los datos personales facilitados ser\u00e1n conservados mientras se mantenga la relaci\u00f3n comercial o el usuario solicite su supresi\u00f3n. Finalizada la relaci\u00f3n comercial los datos ser\u00e1n conservados mientras sea necesario para dar cumplimiento a las obligaciones legales. Una vez prescritas las responsabilidades derivadas de dichas obligaciones legales sus datos ser\u00e1n suprimidos.<\/p>\n<p><strong>DATOS PERSONALES FORMULARIOS P\u00c1GINA WEB<\/strong><\/p>\n<p>Los datos recogidos a trav\u00e9s de los formularios de nuestra p\u00e1gina web ser\u00e1n conservados mientras que el usuario no solicite su supresi\u00f3n.<\/p>\n<h2>\u00bfRealizamos perfiles con sus datos?<\/h2>\n<p>No se tomar\u00e1n decisiones automatizadas ni se realizar\u00e1n perfiles.<\/p>\n<h2>\u00bfA qui\u00e9n cedemos sus datos?<\/h2>\n<p>No se prev\u00e9n cesiones de datos ni transferencias internacionales de sus datos, a excepci\u00f3n de las autorizadas por la legislaci\u00f3n fiscal, mercantil y de telecomunicaciones, as\u00ed como en aquellos casos en los que una autoridad judicial nos lo requiera.<\/p>\n<h2>\u00bfQu\u00e9 terceros prestan servicios en esta web?<\/h2>\n<p>Para el desarrollo de esta p\u00e1gina web se utilizan los siguientes proveedores de servicios:<\/p>\n<p>Hosting: Los servidores donde est\u00e1 alojada nuestra p\u00e1gina web est\u00e1n ubicados en la UE. Utiliza protocolos seguros con lo que la comunicaci\u00f3n de datos se hace a trav\u00e9s de canal cifrado.<\/p>\n<h2>\u00bfQu\u00e9 derechos tiene y como ejercerlos?<\/h2>\n<p>El usuario tiene derecho a acceder a sus datos personales, a solicitar la rectificaci\u00f3n de los que sean inexactos, as\u00ed como a su supresi\u00f3n cuando, entre otros motivos, ya no sean necesarios para los fines que fueron recogidos. En determinadas circunstancias, tambi\u00e9n podr\u00e1 solicitar la limitaci\u00f3n de su tratamiento, en cuyo caso \u00fanicamente se conservar\u00e1n para el ejercicio o la defensa de reclamaciones, as\u00ed como pedir la portabilidad de sus datos. Por motivos relacionados con su situaci\u00f3n particular, podr\u00e1 oponerse al tratamiento de los mismos y ASPE S.L. dejar\u00e1 de tratarlos, salvo por motivos leg\u00edtimos imperiosos, o el ejercicio o la defensa de posibles reclamaciones.<br \/>\nEl solicitante podr\u00e1 revocar los consentimientos prestados en cualquier momento. El solicitante podr\u00e1 ejercer sus derechos a trav\u00e9s del correo electr\u00f3nico aspeadm@gmail.com o en las oficinas situadas en Pol\u00edgono La Ciruela, nave 5, 50630 Alag\u00f3n &#8211; Zaragoza, adjuntando fotocopia del DNI e indicando el derecho que ejercita. Ud. tambi\u00e9n podr\u00e1 presentar una reclamaci\u00f3n ante la Agencia Espa\u00f1ola de Protecci\u00f3n de Datos.<\/p>\n<h2>\u00bfQu\u00e9 medidas de seguridad tenemos implantadas?<\/h2>\n<p>Dentro de nuestro compromiso por garantizar la seguridad y confidencialidad de sus datos de car\u00e1cter personal, le informamos que se han adoptado las medidas de \u00edndole t\u00e9cnica y organizativas necesarias para garantizar la seguridad de los datos de car\u00e1cter personal y evitar su alteraci\u00f3n, p\u00e9rdida, tratamiento o acceso no autorizado, habida cuenta del estado de la tecnolog\u00eda, la naturaleza de los datos almacenados y los riesgos a que est\u00e9n expuestos, seg\u00fan el Art. 32 del RGPD EU 679\/2016.<\/p>\n<h2>\u00bfC\u00f3mo funcionan nuestras redes sociales?<\/h2>\n<p>A trav\u00e9s de nuestras redes sociales puedes compartir nuestros contenidos o dejarnos tus comentarios, fotos o v\u00eddeos, siempre que sean del inter\u00e9s para toda la comunidad.<\/p>\n<p>Nuestras redes sociales est\u00e1n constantemente supervisadas con el fin de atender vuestras preguntas y comentarios en el menor tiempo posible.<\/p>\n<p>Queremos que sea un espacio del que todos disfrutemos, por lo que es importante que entre todos respetemos unas normas de convivencia:<\/p>\n<p>1. T\u00fa eres el responsable de los contenidos que publiques, no caigas en la violaci\u00f3n de cualquier derecho, ley o reglamento.<\/p>\n<p>2. Cuida la redacci\u00f3n y el tono, evita publicar cualquier informaci\u00f3n abusiva, difamatoria u obscena.<\/p>\n<p>3. Respeta el derecho a la privacidad, no hagas comentarios il\u00edcitos, ofensivos o discriminatorios sobre terceros.<\/p>\n<p>4. Evita comentarios fraudulentos, enga\u00f1osos o que puedan inducir al error.<\/p>\n<p>5. No permitimos el spam, ni los mensajes comerciales o publicitarios, no queremos mensajes repetitivos.<\/p>\n<p>6. No mantendremos conversaciones con perfiles que podamos considerar como falsos.<\/p>\n<p>Por favor, ten en cuenta que el contenido publicado por los seguidores en nuestras p\u00e1ginas no necesariamente refleja el punto de vista de nuestra empresa.<\/p>\n<p>Si tus comentarios no cumplen las \u2018Normas de la casa\u2019, podr\u00e1n ser eliminados, ocultados o bloqueados. Cualquiera que publique contenidos no permitidos ser\u00e1 bloqueado de la comunidad.<\/p>\n<p>Nos reservamos el derecho a modificar estas normas en cualquier momento y sin previo aviso.<\/p>\n","protected":false},"excerpt":{"rendered":"<p>ASPE S.L. en cumplimiento de lo establecido en el Reglamento General de Protecci\u00f3n de datos (RGPD 2016\/679), informa a los usuarios de la p\u00e1gina web www.aspenat.es: \u00bfQui\u00e9n es el responsable<\/p>\n","protected":false},"author":1,"featured_media":0,"parent":0,"menu_order":0,"comment_status":"closed","ping_status":"closed","template":"","meta":{"footnotes":""},"class_list":["post-86","page","type-page","status-publish","hentry"],"_links":{"self":[{"href":"https:\/\/www.aspenat.es\/tienda\/wp-json\/wp\/v2\/pages\/86","targetHints":{"allow":["GET"]}}],"collection":[{"href":"https:\/\/www.aspenat.es\/tienda\/wp-json\/wp\/v2\/pages"}],"about":[{"href":"https:\/\/www.aspenat.es\/tienda\/wp-json\/wp\/v2\/types\/page"}],"author":[{"embeddable":true,"href":"https:\/\/www.aspenat.es\/tienda\/wp-json\/wp\/v2\/users\/1"}],"replies":[{"embeddable":true,"href":"https:\/\/www.aspenat.es\/tienda\/wp-json\/wp\/v2\/comments?post=86"}],"version-history":[{"count":1,"href":"https:\/\/www.aspenat.es\/tienda\/wp-json\/wp\/v2\/pages\/86\/revisions"}],"predecessor-version":[{"id":87,"href":"https:\/\/www.aspenat.es\/tienda\/wp-json\/wp\/v2\/pages\/86\/revisions\/87"}],"wp:attachment":[{"href":"https:\/\/www.aspenat.es\/tienda\/wp-json\/wp\/v2\/media?parent=86"}],"curies":[{"name":"wp","href":"https:\/\/api.w.org\/{rel}","templated":true}]}}