{"id":221,"date":"2021-03-23T03:12:29","date_gmt":"2021-03-23T02:12:29","guid":{"rendered":"https:\/\/www.aspenat.es\/tienda\/?post_type=product&#038;p=221"},"modified":"2024-03-11T12:06:20","modified_gmt":"2024-03-11T11:06:20","slug":"kefipur-25-kgs","status":"publish","type":"product","link":"https:\/\/www.aspenat.es\/tienda\/productos\/kefipur-25-kgs\/","title":{"rendered":"KEFIPUR 25 kgs"},"content":{"rendered":"<div class=\"page\" title=\"Page 1\">\n<div class=\"section\">\n<div class=\"layoutArea\">\n<div class=\"column\">\n<h2>Complemento nutricional para los animales en su fase lactante.<\/h2>\n<p>En condiciones desfavorables para el animal en sus primero d\u00edas de vida como mala ventilaci\u00f3n en la explotaci\u00f3n, exceso de amoniaco en el ambiente, animales poco o mal encalostrados o enfermos, ayuda a prevenir problemas del sistema respiratorio.<\/p>\n<ul>\n<li>Estimula el sistema inmunitario.<\/li>\n<li>Se reduce el uso de antibi\u00f3ticos.<\/li>\n<li>Proceso \u00fanico de fabricaci\u00f3n.<\/li>\n<li>Poner desde el tercer d\u00eda de vida en un peque\u00f1o comedero.<\/li>\n<li>Producto totalmente natural.<\/li>\n<\/ul>\n<p>Su uso<\/p>\n<ul>\n<li>KEFIPUR a libre servicio en una arqueta lo ma\u0301s pronto posible, (alrededor del 3 o 4 di\u0301a de vida), durante 45 di\u0301as. Preveer 10- 15 gramos de media por di\u0301a y cordero seria 1 saco para 50 corderos para el periodo.<\/li>\n<\/ul>\n<p>Saco 25 kg<\/p>\n<\/div>\n<\/div>\n<\/div>\n<\/div>\n","protected":false},"excerpt":{"rendered":"<p>Pienso Complementario mineral a libre disposici\u00f3n.<\/p>\n<ul>\n<li>Nuevo concepto en el bienestar respiratorio de nuestros animales<\/li>\n<li>Kefiplantes que mejoran y estimulan la capacidad pulmonar.<\/li>\n<li>Cuidada formulaci\u00f3n que ayuda desde el primer d\u00eda de uso.<\/li>\n<li>Facil administracion.<\/li>\n<\/ul>\n","protected":false},"featured_media":253,"template":"","meta":[],"class_list":["post-221","product","type-product","status-publish","has-post-thumbnail","hentry","product_cat-caribou","product_tag-basquilla","product_tag-corderos","product_tag-pasterella","product_tag-toses"],"_links":{"self":[{"href":"https:\/\/www.aspenat.es\/tienda\/wp-json\/wp\/v2\/product\/221","targetHints":{"allow":["GET"]}}],"collection":[{"href":"https:\/\/www.aspenat.es\/tienda\/wp-json\/wp\/v2\/product"}],"about":[{"href":"https:\/\/www.aspenat.es\/tienda\/wp-json\/wp\/v2\/types\/product"}],"wp:featuredmedia":[{"embeddable":true,"href":"https:\/\/www.aspenat.es\/tienda\/wp-json\/wp\/v2\/media\/253"}],"wp:attachment":[{"href":"https:\/\/www.aspenat.es\/tienda\/wp-json\/wp\/v2\/media?parent=221"}],"curies":[{"name":"wp","href":"https:\/\/api.w.org\/{rel}","templated":true}]}}