{"id":25,"date":"2021-02-11T16:50:33","date_gmt":"2021-02-11T15:50:33","guid":{"rendered":"https:\/\/www.aspenat.es\/tienda\/?post_type=product&#038;p=25"},"modified":"2024-03-11T12:07:29","modified_gmt":"2024-03-11T11:07:29","slug":"kefidiet-258-kgs","status":"publish","type":"product","link":"https:\/\/www.aspenat.es\/tienda\/productos\/kefidiet-258-kgs\/","title":{"rendered":"KEFIDIET 25 kgs"},"content":{"rendered":"<h2>IMPRESCINDIBLE DESDE DEL PRIMER D\u00cdA<\/h2>\n<p>Complemento nutricional para animales en su fase lactante, Gracias a su gran apetencia y r\u00e1pido inicio de consumo desde el tercer d\u00eda de vida se consigue una mayor sanidad animal.<br \/>\nEstimula el sistema inmunitario haci\u00e9ndolo m\u00e1s resistente a microorganismos pat\u00f3genos.<br \/>\nFacilita la adaptaci\u00f3n y consumo de piensos de iniciaci\u00f3n.<br \/>\nReducci\u00f3n del uso de antibi\u00f3ticos.<\/p>\n<p>Pienso complementario mineral a libre disposici\u00f3n que ofrece:<\/p>\n<ul>\n<li>Control de un proceso exclusivo patentado de fermentaci\u00f3n natural de plantas<\/li>\n<li>Sinergias de hierbas seleccionadas<\/li>\n<li>Una experiencia \u00fanica al servicio de los j\u00f3venes animales<\/li>\n<li>Las calidades tecnol\u00f3gicas de las arcillas<\/li>\n<\/ul>\n<p>Y m\u00e1s :<\/p>\n<ul>\n<li>Los j\u00f3venes lo comen desde los primeros d\u00edas de vida<\/li>\n<li>F\u00e1cil uso<\/li>\n<li>Econ\u00f3mico<\/li>\n<\/ul>\n<p>Ternero de leche y de carne. Libre disposici\u00f3n durante 40 d\u00edas aproximadamente 50 gramos \/ animal \/ d\u00eda. 2 kg sobre el periodo total<\/p>\n<p>En las primeras edades cordero y cabrito. Libre discreci\u00f3n durante 25 d\u00edas 10 gramos \/ animal \/ d\u00eda. 250 grs consumo total<\/p>\n<h2>IMPORTANTE<\/h2>\n<p>EL KEFIDIET\u00ae es un producto desarrollado internamente y basado en el conocimiento y la experiencia de CARIBOU T.G. en la fermentaci\u00f3n aplicada a la ganader\u00eda, que son las KEFIPLANTES\u00ae. Despu\u00e9s de 10 a\u00f1os, varios trabajos de investigaci\u00f3n se han realizado en colaboraci\u00f3n con facultades veterinarias, de agronom\u00eda, de qu\u00edmica, con grupos significativos en nutrici\u00f3n animal y sobre todo, ganaderos.<\/p>\n<h2>FORMATO<\/h2>\n<p>Saco de 25kg<\/p>\n","protected":false},"excerpt":{"rendered":"<p>Pienso complementario mineral a libre disposici\u00f3n que ofrece:<\/p>\n<ul>\n<li>Control de un proceso exclusivo patentado de fermentaci\u00f3n<br \/>\nnatural de plantas.<\/li>\n<li>Sinergias de hierbas seleccionadas.<\/li>\n<li>Una experiencia \u00fanica al servicio de los j\u00f3venes animales.<\/li>\n<li>Un aporte de lithotame (alga marina calc\u00e1rea).<\/li>\n<li>Las calidades tecnol\u00f3gicas de las arcillas.<\/li>\n<\/ul>\n","protected":false},"featured_media":27,"template":"","meta":[],"class_list":["post-25","product","type-product","status-publish","has-post-thumbnail","hentry","product_cat-caribou","product_tag-antibioticos","product_tag-corderos","product_tag-diarreas"],"_links":{"self":[{"href":"https:\/\/www.aspenat.es\/tienda\/wp-json\/wp\/v2\/product\/25","targetHints":{"allow":["GET"]}}],"collection":[{"href":"https:\/\/www.aspenat.es\/tienda\/wp-json\/wp\/v2\/product"}],"about":[{"href":"https:\/\/www.aspenat.es\/tienda\/wp-json\/wp\/v2\/types\/product"}],"wp:featuredmedia":[{"embeddable":true,"href":"https:\/\/www.aspenat.es\/tienda\/wp-json\/wp\/v2\/media\/27"}],"wp:attachment":[{"href":"https:\/\/www.aspenat.es\/tienda\/wp-json\/wp\/v2\/media?parent=25"}],"curies":[{"name":"wp","href":"https:\/\/api.w.org\/{rel}","templated":true}]}}