{"id":279,"date":"2021-09-14T16:44:53","date_gmt":"2021-09-14T14:44:53","guid":{"rendered":"https:\/\/www.aspenat.es\/tienda\/?post_type=product&#038;p=279"},"modified":"2026-03-11T07:47:41","modified_gmt":"2026-03-11T06:47:41","slug":"aspenat-rep","status":"publish","type":"product","link":"https:\/\/www.aspenat.es\/tienda\/productos\/aspenat-rep\/","title":{"rendered":"AspeNat Rep"},"content":{"rendered":"<p><a href=\"https:\/\/www.aspenat.es\/tienda\/wp-content\/uploads\/2021\/09\/ASPENAT-REP.pdf\">ASPENAT REP<\/a><\/p>\n","protected":false},"excerpt":{"rendered":"<p>Prevenci\u00f3n y control de par\u00e1sitos y ectopar\u00e1sitos<\/p>\n","protected":false},"featured_media":492,"template":"","meta":[],"class_list":["post-279","product","type-product","status-publish","has-post-thumbnail","hentry","product_cat-aspenat","product_cat-bloques","product_cat-nutricionales"],"_links":{"self":[{"href":"https:\/\/www.aspenat.es\/tienda\/wp-json\/wp\/v2\/product\/279","targetHints":{"allow":["GET"]}}],"collection":[{"href":"https:\/\/www.aspenat.es\/tienda\/wp-json\/wp\/v2\/product"}],"about":[{"href":"https:\/\/www.aspenat.es\/tienda\/wp-json\/wp\/v2\/types\/product"}],"wp:featuredmedia":[{"embeddable":true,"href":"https:\/\/www.aspenat.es\/tienda\/wp-json\/wp\/v2\/media\/492"}],"wp:attachment":[{"href":"https:\/\/www.aspenat.es\/tienda\/wp-json\/wp\/v2\/media?parent=279"}],"curies":[{"name":"wp","href":"https:\/\/api.w.org\/{rel}","templated":true}]}}