{"id":473,"date":"2025-02-25T15:17:01","date_gmt":"2025-02-25T14:17:01","guid":{"rendered":"https:\/\/www.aspenat.es\/tienda\/?post_type=product&#038;p=473"},"modified":"2025-02-25T15:29:20","modified_gmt":"2025-02-25T14:29:20","slug":"aspecub-partoplus","status":"publish","type":"product","link":"https:\/\/www.aspenat.es\/tienda\/productos\/aspecub-partoplus\/","title":{"rendered":"Aspecub Partoplus 20 Kg"},"content":{"rendered":"<p><a href=\"https:\/\/www.aspenat.es\/tienda\/wp-content\/uploads\/2025\/02\/ASPECUB-PARTOPLUS.pdf\">ASPECUB PARTOPLUS<\/a><\/p>\n","protected":false},"excerpt":{"rendered":"<p>El aporte extra de fuentes de energ\u00eda de r\u00e1pida absorci\u00f3n (propilenglicol, propionato c\u00e1lcico), bitaminas hidrosolubles y de protectores hep\u00e1ticos (niacina) son la mejor ayuda para el preparto de los peque\u00f1os rumiantes.<\/p>\n","protected":false},"featured_media":479,"template":"","meta":[],"class_list":["post-473","product","type-product","status-publish","has-post-thumbnail","hentry","product_cat-cubos","product_cat-nutricionales"],"_links":{"self":[{"href":"https:\/\/www.aspenat.es\/tienda\/wp-json\/wp\/v2\/product\/473","targetHints":{"allow":["GET"]}}],"collection":[{"href":"https:\/\/www.aspenat.es\/tienda\/wp-json\/wp\/v2\/product"}],"about":[{"href":"https:\/\/www.aspenat.es\/tienda\/wp-json\/wp\/v2\/types\/product"}],"wp:featuredmedia":[{"embeddable":true,"href":"https:\/\/www.aspenat.es\/tienda\/wp-json\/wp\/v2\/media\/479"}],"wp:attachment":[{"href":"https:\/\/www.aspenat.es\/tienda\/wp-json\/wp\/v2\/media?parent=473"}],"curies":[{"name":"wp","href":"https:\/\/api.w.org\/{rel}","templated":true}]}}